{"id":1850,"date":"2024-01-14T11:03:03","date_gmt":"2024-01-14T11:03:03","guid":{"rendered":"https:\/\/esportsmagics.com\/estiu\/?page_id=1850"},"modified":"2026-04-15T06:38:12","modified_gmt":"2026-04-15T06:38:12","slug":"reserva-online-beach-p-club","status":"publish","type":"page","link":"https:\/\/esportsmagics.com\/estiu\/reserva-online-beach-p-club\/","title":{"rendered":"Reserva Online Beach Club"},"content":{"rendered":"<div      class=\"vc_row wpb_row section vc_row-fluid grid_section\" style=' text-align:left;'><div class=\" section_inner clearfix\"><div class='section_inner_margin clearfix'><div class=\"wpb_column vc_column_container vc_col-sm-10\"><div class=\"wpb_wrapper\">    <div class=\"vc_empty_space\"  style=\"height: 20px\" ><span class=\"vc_empty_space_inner\"><div class=\"empty_space_image\"\n                 ><\/div>\n<\/span><\/div>\n\n\n\t<div class=\"wpb_text_column wpb_content_element \">\n\t\t<div class=\"wpb_wrapper\">\n\t\t\t<h3 class=\"icon_title custom_icon_holder\">Reserva la teva pla\u00e7a a Beach Club<\/h3>\n\n\t\t<\/div> \n\t<\/div> <div class=\"separator  small left  \" style=\"border-color: #0091d4;margin-top:10px;margin-bottom:31px\"><\/div>\n<h4 class=\"icon_title custom_icon_holder\">Pendent de confirmar<\/h4>\n<h5 class=\"icon_title custom_icon_holder\">Per m\u00e9s informaci\u00f3 truca al 666814054<\/h5>\n<p><!--&#091;vc_column_text&#093;Ompliu el formulari per a fer la vostra reserva!&#091;\/vc_column_text&#093;&#091;contact-form-7 id=\"1849\" html_class=\"default\"&#093;--><\/p>\n<div class=\"vc_empty_space\"  style=\"height: 20px\" ><span class=\"vc_empty_space_inner\"><div class=\"empty_space_image\"\n                 ><\/div>\n<\/span><\/div>\n\n<\/div><\/div><div class=\"wpb_column vc_column_container vc_col-sm-2\"><div class=\"wpb_wrapper\">\n\t<div class=\"wpb_single_image wpb_content_element vc_align_center\">\n\t\t<div class=\"wpb_wrapper\">\n\t\t\t\n\t\t\t<div class=\"vc_single_image-wrapper   vc_box_border_grey\"><img width=\"177\" height=\"236\" src=\"https:\/\/esportsmagics.com\/estiu\/wp-content\/uploads\/2019\/02\/Esports_Magics_Tropical.jpg\" class=\"vc_single_image-img attachment-full\" alt=\"\" decoding=\"async\" loading=\"lazy\" \/><\/div>\n\t\t<\/div>\n\t<\/div>\n\n\t<div class=\"wpb_single_image wpb_content_element vc_align_center\">\n\t\t<div class=\"wpb_wrapper\">\n\t\t\t\n\t\t\t<div class=\"vc_single_image-wrapper   vc_box_border_grey\"><img width=\"177\" height=\"236\" src=\"https:\/\/esportsmagics.com\/estiu\/wp-content\/uploads\/2019\/02\/Personatges_mod-04.jpg\" class=\"vc_single_image-img attachment-full\" alt=\"\" decoding=\"async\" loading=\"lazy\" \/><\/div>\n\t\t<\/div>\n\t<\/div>\n\n\t<div class=\"wpb_single_image wpb_content_element vc_align_center\">\n\t\t<div class=\"wpb_wrapper\">\n\t\t\t\n\t\t\t<div class=\"vc_single_image-wrapper   vc_box_border_grey\"><img width=\"177\" height=\"236\" src=\"https:\/\/esportsmagics.com\/estiu\/wp-content\/uploads\/2019\/02\/Personatges_mod-06.jpg\" class=\"vc_single_image-img attachment-full\" alt=\"\" decoding=\"async\" loading=\"lazy\" \/><\/div>\n\t\t<\/div>\n\t<\/div>\n\n\t<div class=\"wpb_single_image wpb_content_element vc_align_center\">\n\t\t<div class=\"wpb_wrapper\">\n\t\t\t\n\t\t\t<div class=\"vc_single_image-wrapper   vc_box_border_grey\"><img width=\"177\" height=\"236\" src=\"https:\/\/esportsmagics.com\/estiu\/wp-content\/uploads\/2019\/02\/Personatges_mod-09.jpg\" class=\"vc_single_image-img attachment-full\" alt=\"\" decoding=\"async\" loading=\"lazy\" \/><\/div>\n\t\t<\/div>\n\t<\/div>\n\n\t<div class=\"wpb_single_image wpb_content_element vc_align_center\">\n\t\t<div class=\"wpb_wrapper\">\n\t\t\t\n\t\t\t<div class=\"vc_single_image-wrapper   vc_box_border_grey\"><img width=\"177\" height=\"236\" src=\"https:\/\/esportsmagics.com\/estiu\/wp-content\/uploads\/2019\/02\/Personatges_mod-08.jpg\" class=\"vc_single_image-img attachment-full\" alt=\"\" decoding=\"async\" loading=\"lazy\" \/><\/div>\n\t\t<\/div>\n\t<\/div>\n\n\t<div class=\"wpb_single_image wpb_content_element vc_align_center\">\n\t\t<div class=\"wpb_wrapper\">\n\t\t\t\n\t\t\t<div class=\"vc_single_image-wrapper   vc_box_border_grey\"><img width=\"177\" height=\"236\" src=\"https:\/\/esportsmagics.com\/estiu\/wp-content\/uploads\/2019\/02\/Personatges_mod-05.jpg\" class=\"vc_single_image-img attachment-full\" alt=\"\" decoding=\"async\" loading=\"lazy\" \/><\/div>\n\t\t<\/div>\n\t<\/div>\n\n\t<div class=\"wpb_single_image wpb_content_element vc_align_center\">\n\t\t<div class=\"wpb_wrapper\">\n\t\t\t\n\t\t\t<div class=\"vc_single_image-wrapper   vc_box_border_grey\"><img width=\"177\" height=\"236\" src=\"https:\/\/esportsmagics.com\/estiu\/wp-content\/uploads\/2019\/02\/Personatges_mod-03.jpg\" class=\"vc_single_image-img attachment-full\" alt=\"\" decoding=\"async\" loading=\"lazy\" \/><\/div>\n\t\t<\/div>\n\t<\/div>\n\n\t<div class=\"wpb_single_image wpb_content_element vc_align_center\">\n\t\t<div class=\"wpb_wrapper\">\n\t\t\t\n\t\t\t<div class=\"vc_single_image-wrapper   vc_box_border_grey\"><img width=\"177\" height=\"236\" src=\"https:\/\/esportsmagics.com\/estiu\/wp-content\/uploads\/2019\/02\/Personatges_mod-02.jpg\" class=\"vc_single_image-img attachment-full\" alt=\"\" decoding=\"async\" loading=\"lazy\" \/><\/div>\n\t\t<\/div>\n\t<\/div>\n<\/div><\/div><\/div><\/div><\/div>\n","protected":false},"excerpt":{"rendered":"Reserva la teva pla\u00e7a a Beach Club Pendent de confirmar Per m\u00e9s informaci\u00f3 truca al 666814054","protected":false},"author":1,"featured_media":0,"parent":0,"menu_order":0,"comment_status":"open","ping_status":"closed","template":"full_width.php","meta":{"jetpack_post_was_ever_published":false,"_joinchat":[]},"jetpack_sharing_enabled":true,"jetpack_shortlink":"https:\/\/wp.me\/P7iNMK-tQ","_links":{"self":[{"href":"https:\/\/esportsmagics.com\/estiu\/wp-json\/wp\/v2\/pages\/1850"}],"collection":[{"href":"https:\/\/esportsmagics.com\/estiu\/wp-json\/wp\/v2\/pages"}],"about":[{"href":"https:\/\/esportsmagics.com\/estiu\/wp-json\/wp\/v2\/types\/page"}],"author":[{"embeddable":true,"href":"https:\/\/esportsmagics.com\/estiu\/wp-json\/wp\/v2\/users\/1"}],"replies":[{"embeddable":true,"href":"https:\/\/esportsmagics.com\/estiu\/wp-json\/wp\/v2\/comments?post=1850"}],"version-history":[{"count":4,"href":"https:\/\/esportsmagics.com\/estiu\/wp-json\/wp\/v2\/pages\/1850\/revisions"}],"predecessor-version":[{"id":2512,"href":"https:\/\/esportsmagics.com\/estiu\/wp-json\/wp\/v2\/pages\/1850\/revisions\/2512"}],"wp:attachment":[{"href":"https:\/\/esportsmagics.com\/estiu\/wp-json\/wp\/v2\/media?parent=1850"}],"curies":[{"name":"wp","href":"https:\/\/api.w.org\/{rel}","templated":true}]}}